{"id":38,"date":"2007-11-28T12:57:11","date_gmt":"2007-11-28T10:57:11","guid":{"rendered":"http:\/\/www.prolocodeliceto.it\/zeroweb\/?page_id=38"},"modified":"2011-02-04T20:50:14","modified_gmt":"2011-02-04T19:50:14","slug":"le-manifestazioni-delicetane","status":"publish","type":"page","link":"http:\/\/www.prolocodeliceto.it\/zeroweb\/?page_id=38","title":{"rendered":"Le manifestazioni"},"content":{"rendered":"<ul style=\"margin-top: 0cm\" type=\"disc\">\n<li style=\"text-align: justify\" class=\"MsoNormal\"><strong><span style=\"font-size: 11pt; font-family: 'Arial Narrow'\"><a href=\"http:\/\/www.alessandrogisoldiadv.it\/zeroweb\/wp-content\/castdeli.jpg\" title=\"castdeli.jpg\"><\/a>24 febbraio \u2013 Fal\u00f2 di San Mattia <span style=\"font-size: 11pt; font-family: 'Arial Narrow'\"><a href=\"http:\/\/www.alessandrogisoldiadv.it\/zeroweb\/wp-content\/foto-001.jpg\" title=\"foto-001.jpg\"><\/a><\/span>Mattia (oggi XXXII edizione)<\/span><\/strong><\/li>\n<\/ul>\n<p><span style=\"font-size: 11pt; font-family: 'Arial Narrow'\"><br \/>\nI fal\u00f2 rappresentano la tradizione pi\u00f9 antica del paese tramandata negli anni, ha origini antichissime. La festa, organizzata dall\u2019Associazione Turistica Pro-Loco Deliceto in collaborazione con il Comune di Deliceto, \u00e8 nata in onore del patrono di Deliceto S. Mattia Apostolo, per la protezione durante l\u2019assedio saraceno, ma anche come segno propiziatorio verso \u201cFratello Fuoco\u201d. La sera, dopo il tramonto, vengono accesi numerosi fal\u00f2 nei vari rioni e a termine della stessa vengono premiati i pi\u00f9 caratteristici. I visitatori si intrattengono con canti, danze, giochi popolari e assaggi gastronomici locali. <strong><span style=\"font-size: 11pt; font-family: 'Arial Narrow'\"> <\/span><\/strong><\/span><span style=\"font-size: 11pt; font-family: 'Arial Narrow'\"> <\/span><\/p>\n<p align=\"left\"><a href=\"http:\/\/www.prolocodeliceto.it\/GALLERY_MANIFESTAZIONI\/index.htm\"><em><strong>..:::guarda le foto<\/strong><\/em><\/a><\/p>\n<p><span style=\"font-size: 11pt; font-family: 'Arial Narrow'\"><\/span><span style=\"font-size: 11pt; font-family: 'Arial Narrow'\"><strong><span style=\"font-size: 11pt; font-family: 'Arial Narrow'\"><\/span><\/strong><span style=\"font-size: 11pt; font-family: 'Arial Narrow'\"><a href=\"http:\/\/www.prolocodeliceto.it\/GALLERY_MANIFESTAZIONI\/index.htm\"><\/a><strong><span style=\"font-size: 11pt; font-family: 'Arial Narrow'\"><\/span><\/strong><\/span><\/span><\/p>\n<ul style=\"margin-top: 0cm\" type=\"disc\">\n<li style=\"text-align: justify\" class=\"MsoNormal\"><strong><span style=\"font-size: 11pt; font-family: 'Arial Narrow'\">Prima domenica di agosto \u2013 Sagra delle orecchiette (oggi XXXIV edizione)<\/span><\/strong><\/li>\n<\/ul>\n<p><span style=\"font-size: 11pt; font-family: 'Arial Narrow'\">La manifestazione nata negli anni \u201960, viene organizzata dall\u2019Associazione Turistica Pro-Loco Deliceto in collaborazione con il Comune di Deliceto, presso il \u201cbosco della Consolazione\u201d. L\u2019evento ha come fine quello di trascorrere una giornata immersi nella natura incontaminata del bosco, per degustare, e quindi valorizzare, gli ottimi prodotti locali. Nelle prime ore del pomeriggio ha inizio la sagra con animazioni e giochi, in contemporanea si preparano le orecchiette da degustare durante la serata, che saranno poi servite ai presenti, accompagnate da ottimo vino locale. La serata prosegue con balli e musiche e con l\u2019elezione da parte di una giuria popolare della \u201cNinfa del bosco\u201d.<\/span><span style=\"font-size: 11pt; font-family: 'Arial Narrow'\"> <\/span><\/p>\n<ul style=\"margin-top: 0cm\" type=\"disc\">\n<li style=\"text-align: justify\" class=\"MsoNormal\"><strong><span style=\"font-size: 11pt; font-family: 'Arial Narrow'\">14 agosto \u2013 Rievocazione Storica (oggi XXIX edizione)<\/span><\/strong><\/li>\n<\/ul>\n<p><span style=\"font-size: 11pt; font-family: 'Arial Narrow'\">Siamo nel 1463 durante la guerra tra angioini e aragonesi per il Regno di Napoli e sul trono aragonese siede Re Ferdinando I detto \u201cFerrante\u201d. Il Sub Appennino Dauno \u00e8 il principale e determinante teatro di scontri e di epiche avventure, infatti \u00e8 proprio in queste zone, dopo le famose battaglie di Accadia e Troia, che si decide il conflitto con il successo aragonese. A seguito della vittoria la nobile famiglia dei Di Sangro viene privata del Feudo di Iliceto (antico nome di Deliceto) che viene elevato a Marchesato e a roccaforte del Regno delle Due Sicilie nella zona del Sub Appennino Dauno Meridionale e, inoltre, viene concesso ad Antonio I Piccolomini, genero di Re Ferdinando nonch\u00e9 nipote di Papa Pio II. Grandi e sontuosi i festeggiamenti per l\u2019elevazione a marchesato e per l\u2019investitura del Marchese Antonio I Piccolomini, con grande partecipazione popolare, con gare, giochi, balli e canti, e nell\u2019occasione viene donata da Papa Pio II alla comunit\u00e0 delicetana una croce reliquiaria tutt\u2019ora custodita nella Chiesa Madre di Deliceto.<\/span><span style=\"font-size: 11pt; font-family: 'Arial Narrow'\"> Proprio per valorizzare quanto accaduto nel 2004 \u00e8 nato l\u2019Itinerario Normanno-Svevo tra i Comuni e le Pro-Loco di Accadia, Bovino, Deliceto, Orsara di Puglia e Troia.<\/span><span style=\"font-size: 11pt; font-family: 'Arial Narrow'\"> Capofila dell\u2019Itinerario \u00e8<\/span> la Rievocazione Storica a Deliceto, nata negli anni \u201980 ed organizzata dall\u2019Associazione Turistica Pro-Loco Deliceto in collaborazione con il Comune di Deliceto, per far conoscere la storia e per valorizzare il poderoso maniero di Deliceto: il Castello Normanno-Svevo. Durante la manifestazione si rivive l\u2019insediamento del I\u00b0 Marchese di Iliceto, con il corteo storico composto da nobili, araldi, sacerdoti, cavalli e cavalieri tutti con abiti agghindati del 1400, che percorre le vie del paese. Al termine del corteo la manifestazione prosegue con la cerimonia d\u2019investitura, con la consegna della croce reliquiaria donata da Papa Pio II al nipote, al clero e al popolo delicetani e, si conclude, con spettacoli medioevali e giochi equestri. Una manifestazione importante che da sempre raccoglie appassionati provenienti dall\u2019intera regione.<\/p>\n<p><span style=\"font-size: 11pt; font-family: 'Arial Narrow'\"><\/span><\/p>\n<ul>\n<li><strong><span style=\"font-size: 11pt; font-family: 'Arial Narrow'\">26 dicembre e 06 gennaio \u2013 Presepe Vivente al Convento di Maria SS. della Consolazione<\/span><\/strong><strong><span style=\"font-size: 11pt; font-family: 'Arial Narrow'\"> (oggi XXV edizione)<\/span><\/strong><span style=\"font-size: 11pt; font-family: 'Arial Narrow'\"><br \/>\n<\/span><\/li>\n<\/ul>\n<p><span style=\"font-size: 11pt; font-family: 'Arial Narrow'\">Deliceto \u00e8 il paese del Presepe Vivente! L\u2019evento, organizzato dall\u2019Associazione Turistica Pro-Loco Deliceto in collaborazione con il Comune di Deliceto, nasce agli inizi degli anni \u201980 per valorizzare il Convento di Maria SS. della Consolazione e far conoscere la sua importante storia, modellata dall\u2019operato di due tra i pi\u00f9 grandi Santi della chiesa cattolica: <strong>Sant\u2019Alfonso Maria de\u2019Liguori e San Gerardo Maiella. <\/strong>Il \u201cDottore della Chiesa\u201d vi ha vissuto 3 anni, trasformando il Convento nella Terza Casa Redentorista (ordine da lui fondato), inoltre immerso ed ispirato dalla misticit\u00e0 incontaminata della natura circostante ha composto la pastorale pi\u00f9 famosa al mondo \u201cTu scendi dalle stelle\u201d. Il Santo dei poveri invece ha vissuto tra queste mura per 5 anni dei 6 di vita ecclesiastica rendendolo cos\u00ec \u201cculla del mondo gerardino\u201d, inoltre proprio qui ha realizzato a mano l\u2019opera in cartapesta \u201cEcce Homo\u201d, tutt\u2019ora custodita. Analizzata la storia, il connubio: <strong>\u201cConvento luogo di Santi\u201d <\/strong>e Presepe Vivente diventa inscindibile e lo stesso assume un valore intrinseco di estrema importanza. Alla realizzazione del Presepe Vivente, in stile settecentesco napoletano, partecipa tutto il popolo di Deliceto e tutte le associazioni locali e viene curato ogni minimo particolare. Durante il Presepe Vivente \u00e8 possibile visitare: la chiesa con tutte le annesse bellezze, la mistica stanza di S. Alfonso con la scrivania sulla quale vi \u00e8 la firma originale del Santo, l\u2019umile celletta di San Gerardo con l\u2019Ecce Homo e una parte del Convento, dove sono riproposti i miracoli di San Gerardo e i momenti di vita religiosa dell\u2019epoca. Poi il percorso prosegue fuori dalle mura del Convento e nei suoi sotterranei dove, nello splendido scenario naturale, vengono rappresentati fedelmente i momenti di vita civile dell\u2019epoca con fabbri, sellai, fruttivendoli, calzolai, vasai, macellai, soldati, ecc\u2026. L\u2019ultima scena, <strong>la nativit\u00e0<\/strong>, <strong>\u00e8 realizzata nella mistica grotta naturale del Beato Felice<\/strong> tra il fruscio degli alberi e il rumore del vento, in una rappresentazione semplice ma molto suggestiva <strong>che ricorda esattamente la grotta di Betlemme<\/strong>. Manifestazione suggestiva, icona del Natale nella Provincia.<\/span><\/p>\n<p><span style=\"font-size: 11pt; font-family: 'Arial Narrow'\"><\/span><span style=\"font-size: 11pt; font-family: 'Arial Narrow'\">Negli ultimi anni sono inoltre nate altre iniziative come:<\/span><\/p>\n<p><span style=\"font-size: 11pt; font-family: 'Arial Narrow'\"><\/span><strong><span style=\"font-size: 11pt; font-family: 'Arial Narrow'\">&#8211; Vicolo dei ricordi (oggi VIII edizione )<\/span><\/strong><span style=\"font-size: 11pt; font-family: 'Arial Narrow'\"><\/span><\/p>\n<p><span style=\"font-size: 11pt; font-family: 'Arial Narrow'\">Una retrospettiva nel tempo durante la quale sono riprodotti aspetti sociali e culturali di Deliceto. La manifestazione \u00e8 organizzata ogni anno in un angolo particolare e diverso del paese,<span>  <\/span>lo scopo \u00e8<span>  <\/span>quello di valorizzare stradine, piazzette e locali insoliti caratteristici, che in altro caso sarebbero abbandonati a se stessi (nel 2006 \u00e8 stata realizzata in un antico frantoio e a fine manifestazione \u00e8 stata fatta una sfilata di moda);<\/span><\/p>\n<p><span style=\"font-size: 11pt; font-family: 'Arial Narrow'\"><\/span><strong><span style=\"font-size: 11pt; font-family: 'Arial Narrow'\"><strong><span style=\"font-size: 11pt; font-family: 'Arial Narrow'\">&#8211; Itinerario Normanno Svevo span><\/strong><span style=\"font-size: 11pt; font-family: 'Arial Narrow'\"><\/span><\/span><\/strong><\/p>\n<p><span style=\"font-size: 11pt; font-family: 'Arial Narrow'\"><span style=\"font-size: 11pt; font-family: 'Arial Narrow'\">In riferimento alla storia relativa alla guerra che vide protagonisti gli aragonesi e gli angioini per il controllo del Regno delle Due Sicilie, di cui il nostro territorio \u00e8 principale protagonista, \u00e8 nato nel 2004 l\u2019Itinerario Normanno-Svevo tra i Comuni e le Pro-Loco di Accadia, Bovino, Deliceto, Orsara di Puglia e Troia, con lo scopo di far conoscere la storia e di darne la giusta importanza. L\u2019obiettivo \u00e8 quello di cercare di costituire un vero e proprio percorso itinerante sulla importante storia della guerra angioina \u2013 aragonese che oltre a far conoscere la storia e darne la giusta importanza, serva da forte richiamo turistico.<\/span><\/span><strong><span style=\"font-size: 11pt; font-family: 'Arial Narrow'\"><span style=\"font-size: 11pt; font-family: 'Arial Narrow'\"><\/span><\/span><\/strong><\/p>\n<ul style=\"margin-top: 0cm\" type=\"disc\"><\/ul>\n","protected":false},"excerpt":{"rendered":"<p>24 febbraio \u2013 Fal\u00f2 di San Mattia Mattia (oggi XXXII edizione) I fal\u00f2 rappresentano la tradizione pi\u00f9 antica del paese tramandata negli anni, ha origini antichissime. La festa, organizzata dall\u2019Associazione Turistica Pro-Loco Deliceto in collaborazione con il Comune di Deliceto, \u00e8 nata in onore del patrono di Deliceto S. Mattia Apostolo, per la protezione durante [&hellip;]<\/p>\n","protected":false},"author":2,"featured_media":0,"parent":0,"menu_order":0,"comment_status":"closed","ping_status":"closed","template":"","meta":[],"_links":{"self":[{"href":"http:\/\/www.prolocodeliceto.it\/zeroweb\/index.php?rest_route=\/wp\/v2\/pages\/38"}],"collection":[{"href":"http:\/\/www.prolocodeliceto.it\/zeroweb\/index.php?rest_route=\/wp\/v2\/pages"}],"about":[{"href":"http:\/\/www.prolocodeliceto.it\/zeroweb\/index.php?rest_route=\/wp\/v2\/types\/page"}],"author":[{"embeddable":true,"href":"http:\/\/www.prolocodeliceto.it\/zeroweb\/index.php?rest_route=\/wp\/v2\/users\/2"}],"replies":[{"embeddable":true,"href":"http:\/\/www.prolocodeliceto.it\/zeroweb\/index.php?rest_route=%2Fwp%2Fv2%2Fcomments&post=38"}],"version-history":[{"count":2,"href":"http:\/\/www.prolocodeliceto.it\/zeroweb\/index.php?rest_route=\/wp\/v2\/pages\/38\/revisions"}],"predecessor-version":[{"id":2893,"href":"http:\/\/www.prolocodeliceto.it\/zeroweb\/index.php?rest_route=\/wp\/v2\/pages\/38\/revisions\/2893"}],"wp:attachment":[{"href":"http:\/\/www.prolocodeliceto.it\/zeroweb\/index.php?rest_route=%2Fwp%2Fv2%2Fmedia&parent=38"}],"curies":[{"name":"wp","href":"https:\/\/api.w.org\/{rel}","templated":true}]}}